{"id":807,"date":"2022-04-16T23:51:28","date_gmt":"2022-04-16T23:51:28","guid":{"rendered":"https:\/\/modmixmap.wpengine.com\/?page_id=807"},"modified":"2023-10-25T13:22:45","modified_gmt":"2023-10-25T10:22:45","slug":"about","status":"publish","type":"page","link":"https:\/\/www.gazeratravel.com\/tr\/hakkinda\/","title":{"rendered":"Hakk\u0131nda"},"content":{"rendered":"<div data-elementor-type=\"wp-page\" data-elementor-id=\"807\" class=\"elementor elementor-807\" data-elementor-post-type=\"page\">\n\t\t\t\t\t\t\t\t\t<section class=\"elementor-section elementor-top-section elementor-element elementor-element-6eb11fd1 elementor-section-boxed elementor-section-height-default elementor-section-height-default\" data-id=\"6eb11fd1\" data-element_type=\"section\">\n\t\t\t\t\t\t<div class=\"elementor-container elementor-column-gap-default\">\n\t\t\t\t\t<div class=\"elementor-column elementor-col-100 elementor-top-column elementor-element elementor-element-4732643c\" data-id=\"4732643c\" data-element_type=\"column\">\n\t\t\t<div class=\"elementor-widget-wrap elementor-element-populated\">\n\t\t\t\t\t\t\t\t<section class=\"elementor-section elementor-inner-section elementor-element elementor-element-2947a700 elementor-section-boxed elementor-section-height-default elementor-section-height-default\" data-id=\"2947a700\" data-element_type=\"section\" data-settings=\"{&quot;background_background&quot;:&quot;classic&quot;}\">\n\t\t\t\t\t\t<div class=\"elementor-container elementor-column-gap-default\">\n\t\t\t\t\t<div class=\"elementor-column elementor-col-100 elementor-inner-column elementor-element elementor-element-42bead8c\" data-id=\"42bead8c\" data-element_type=\"column\">\n\t\t\t<div class=\"elementor-widget-wrap elementor-element-populated\">\n\t\t\t\t\t\t\t\t<div class=\"elementor-element elementor-element-393256ee elementor-widget__width-auto elementor-widget elementor-widget-st_button_video_popup\" data-id=\"393256ee\" data-element_type=\"widget\" data-settings=\"{&quot;youtube_url&quot;:&quot;https:\\\/\\\/youtu.be\\\/Kje5lx1cdT0&quot;,&quot;video_type&quot;:&quot;youtube&quot;,&quot;yt_privacy&quot;:1,&quot;mute&quot;:1,&quot;loop&quot;:0}\" data-widget_type=\"st_button_video_popup.default\">\n\t\t\t\t<div class=\"elementor-widget-container\">\n\t\t\t<div class=\"st-button-popup-video default\">\r\n    <button class=\"elementor-custom-embed-image-overlay\" data-elementor-open-lightbox=\"yes\" data-elementor-lightbox=\"{&quot;type&quot;:&quot;video&quot;,&quot;videoType&quot;:&quot;youtube&quot;,&quot;url&quot;:&quot;https:\\\/\\\/www.youtube-nocookie.com\\\/embed\\\/Kje5lx1cdT0?feature=oembed&amp;start&amp;end&amp;wmode=opaque&amp;loop=0&amp;mute=1&quot;,&quot;modalOptions&quot;:{&quot;id&quot;:&quot;elementor-lightbox-393256ee&quot;,&quot;videoAspectRatio&quot;:&quot;169&quot;}}\"><span class=\"stt-icon-play\"><\/span><\/button>\r\n<\/div>\t\t<\/div>\n\t\t\t\t<\/div>\n\t\t\t\t\t<\/div>\n\t\t<\/div>\n\t\t\t\t\t\t\t<\/div>\n\t\t<\/section>\n\t\t\t\t\t<\/div>\n\t\t<\/div>\n\t\t\t\t\t\t\t<\/div>\n\t\t<\/section>\n\t\t\t\t<section class=\"elementor-section elementor-top-section elementor-element elementor-element-1e2f5304 elementor-section-boxed elementor-section-height-default elementor-section-height-default\" data-id=\"1e2f5304\" data-element_type=\"section\">\n\t\t\t\t\t\t<div class=\"elementor-container elementor-column-gap-default\">\n\t\t\t\t\t<div class=\"elementor-column elementor-col-100 elementor-top-column elementor-element elementor-element-6aae9b20\" data-id=\"6aae9b20\" data-element_type=\"column\">\n\t\t\t<div class=\"elementor-widget-wrap elementor-element-populated\">\n\t\t\t\t\t\t\t\t<div class=\"elementor-element elementor-element-4bbaade elementor-widget elementor-widget-heading\" data-id=\"4bbaade\" data-element_type=\"widget\" data-widget_type=\"heading.default\">\n\t\t\t\t<div class=\"elementor-widget-container\">\n\t\t\t<style>\/*! elementor - v3.16.0 - 17-10-2023 *\/\n.elementor-heading-title{padding:0;margin:0;line-height:1}.elementor-widget-heading .elementor-heading-title[class*=elementor-size-]>a{color:inherit;font-size:inherit;line-height:inherit}.elementor-widget-heading .elementor-heading-title.elementor-size-small{font-size:15px}.elementor-widget-heading .elementor-heading-title.elementor-size-medium{font-size:19px}.elementor-widget-heading .elementor-heading-title.elementor-size-large{font-size:29px}.elementor-widget-heading .elementor-heading-title.elementor-size-xl{font-size:39px}.elementor-widget-heading .elementor-heading-title.elementor-size-xxl{font-size:59px}<\/style><h2 class=\"elementor-heading-title elementor-size-default\">Gazera Travel Hakk\u0131nda<\/h2>\t\t<\/div>\n\t\t\t\t<\/div>\n\t\t\t\t<div class=\"elementor-element elementor-element-2eecd387 elementor-widget elementor-widget-heading\" data-id=\"2eecd387\" data-element_type=\"widget\" data-widget_type=\"heading.default\">\n\t\t\t\t<div class=\"elementor-widget-container\">\n\t\t\t<h2 class=\"elementor-heading-title elementor-size-default\">Gazera Travel olarak seyahatin sadece var\u0131\u015f noktalar\u0131n\u0131n \u00f6tesine ge\u00e7ti\u011fine inan\u0131yoruz; yol boyunca yarat\u0131lan d\u00f6n\u00fc\u015ft\u00fcr\u00fcc\u00fc deneyimler ve an\u0131larla ilgilidir. D\u00fcnyan\u0131n en b\u00fcy\u00fcleyici yerlerini g\u00fcn y\u00fcz\u00fcne \u00e7\u0131karma tutkusuyla kurulan \u015firketimiz, \u00f6zg\u00fcn, \u00f6zel olarak haz\u0131rlanm\u0131\u015f ve s\u00fcr\u00fckleyici maceralar arayan se\u00e7ici gezginler i\u00e7in bir yol g\u00f6sterici haline geldi.\n\n<\/h2>\t\t<\/div>\n\t\t\t\t<\/div>\n\t\t\t\t\t<\/div>\n\t\t<\/div>\n\t\t\t\t\t\t\t<\/div>\n\t\t<\/section>\n\t\t\t\t<section class=\"elementor-section elementor-top-section elementor-element elementor-element-6a5a94e3 elementor-section-boxed elementor-section-height-default elementor-section-height-default\" data-id=\"6a5a94e3\" data-element_type=\"section\">\n\t\t\t\t\t\t<div class=\"elementor-container elementor-column-gap-default\">\n\t\t\t\t\t<div class=\"elementor-column elementor-col-50 elementor-top-column elementor-element elementor-element-52410987\" data-id=\"52410987\" data-element_type=\"column\">\n\t\t\t<div class=\"elementor-widget-wrap elementor-element-populated\">\n\t\t\t\t\t\t\t\t<div class=\"elementor-element elementor-element-54e053c2 elementor-widget elementor-widget-heading\" data-id=\"54e053c2\" data-element_type=\"widget\" data-widget_type=\"heading.default\">\n\t\t\t\t<div class=\"elementor-widget-container\">\n\t\t\t<h2 class=\"elementor-heading-title elementor-size-default\">Misyonumuz<\/h2>\t\t<\/div>\n\t\t\t\t<\/div>\n\t\t\t\t<div class=\"elementor-element elementor-element-363cb770 elementor-widget elementor-widget-heading\" data-id=\"363cb770\" data-element_type=\"widget\" data-widget_type=\"heading.default\">\n\t\t\t\t<div class=\"elementor-widget-container\">\n\t\t\t<h2 class=\"elementor-heading-title elementor-size-default\">Farkl\u0131 k\u00fclt\u00fcrler, nefes kesen manzaralar ve anlat\u0131lmam\u0131\u015f hikayelerle dolu geni\u015f bir d\u00fcnyada Gazera Travel, bo\u015fluklar\u0131 doldurmaya ve sizi bekleyen harikalar\u0131 ayd\u0131nlatmaya kararl\u0131 olarak bir kav\u015fakta duruyor.<\/h2>\t\t<\/div>\n\t\t\t\t<\/div>\n\t\t\t\t<div class=\"elementor-element elementor-element-264ad2e9 elementor-align-left elementor-icon-list--layout-traditional elementor-list-item-link-full_width elementor-widget elementor-widget-icon-list\" data-id=\"264ad2e9\" data-element_type=\"widget\" data-widget_type=\"icon-list.default\">\n\t\t\t\t<div class=\"elementor-widget-container\">\n\t\t\t<link rel=\"stylesheet\" href=\"https:\/\/www.gazeratravel.com\/wp-content\/uploads\/elementor\/css\/custom-widget-icon-list.min.css?ver=1716946634\">\t\t<ul class=\"elementor-icon-list-items\">\n\t\t\t\t\t\t\t<li class=\"elementor-icon-list-item\">\n\t\t\t\t\t\t\t\t\t\t<span class=\"elementor-icon-list-text\">Empati ve Anlay\u0131\u015f: Gazera Travel olarak yolcular\u0131m\u0131z\u0131n hayallerini ve isteklerini anlamaya \u00f6ncelik veriyoruz. Her yolculuk, derinden ve ki\u015fisel olarak yank\u0131 uyand\u0131ran deneyimler sa\u011flayacak \u015fekilde \u00f6zel olarak tasarlanm\u0131\u015ft\u0131r.<\/span>\n\t\t\t\t\t\t\t\t\t<\/li>\n\t\t\t\t\t\t<\/ul>\n\t\t\t\t<\/div>\n\t\t\t\t<\/div>\n\t\t\t\t\t<\/div>\n\t\t<\/div>\n\t\t\t\t<div class=\"elementor-column elementor-col-50 elementor-top-column elementor-element elementor-element-3acbe6d7\" data-id=\"3acbe6d7\" data-element_type=\"column\">\n\t\t\t<div class=\"elementor-widget-wrap elementor-element-populated\">\n\t\t\t\t\t\t\t\t<div class=\"elementor-element elementor-element-5c6b690d elementor-widget elementor-widget-heading\" data-id=\"5c6b690d\" data-element_type=\"widget\" data-widget_type=\"heading.default\">\n\t\t\t\t<div class=\"elementor-widget-container\">\n\t\t\t<h2 class=\"elementor-heading-title elementor-size-default\">Misyonumuz<\/h2>\t\t<\/div>\n\t\t\t\t<\/div>\n\t\t\t\t<div class=\"elementor-element elementor-element-8ba4a4c elementor-widget elementor-widget-heading\" data-id=\"8ba4a4c\" data-element_type=\"widget\" data-widget_type=\"heading.default\">\n\t\t\t\t<div class=\"elementor-widget-container\">\n\t\t\t<h2 class=\"elementor-heading-title elementor-size-default\">S\u00fcrekli geli\u015fen bir seyahat ortam\u0131nda Gazera Travel, yolculuklar\u0131n sadece gezip g\u00f6rmenin \u00f6tesine ge\u00e7ti\u011fi bir d\u00fcnya tasavvur ediyor. D\u00f6n\u00fc\u015ft\u00fcr\u00fcc\u00fc seyahat deneyimleri, ruhlar\u0131, k\u00fclt\u00fcrleri ve ufuklar\u0131 derin yollarla birbirine ba\u011flama konusunda k\u00fcresel bir referans noktas\u0131 olu\u015fturmay\u0131 hedefliyoruz.\n\n<\/h2>\t\t<\/div>\n\t\t\t\t<\/div>\n\t\t\t\t<div class=\"elementor-element elementor-element-c52019b elementor-align-left elementor-icon-list--layout-traditional elementor-list-item-link-full_width elementor-widget elementor-widget-icon-list\" data-id=\"c52019b\" data-element_type=\"widget\" data-widget_type=\"icon-list.default\">\n\t\t\t\t<div class=\"elementor-widget-container\">\n\t\t\t\t\t<ul class=\"elementor-icon-list-items\">\n\t\t\t\t\t\t\t<li class=\"elementor-icon-list-item\">\n\t\t\t\t\t\t\t\t\t\t<span class=\"elementor-icon-list-text\">Derinle\u015ftirilmi\u015f Ba\u011flant\u0131lar: Seyahatin, yaln\u0131zca gezginler ve destinasyonlar aras\u0131nda de\u011fil, ayn\u0131 zamanda gezginlerin kendi aras\u0131nda da kal\u0131c\u0131 ba\u011flar olu\u015fturdu\u011fu ve ortak deneyimlerle birle\u015fmi\u015f k\u00fcresel bir topluluk olu\u015fturdu\u011fu bir d\u00fcnya \u00f6ng\u00f6r\u00fcyoruz.<\/span>\n\t\t\t\t\t\t\t\t\t<\/li>\n\t\t\t\t\t\t<\/ul>\n\t\t\t\t<\/div>\n\t\t\t\t<\/div>\n\t\t\t\t\t<\/div>\n\t\t<\/div>\n\t\t\t\t\t\t\t<\/div>\n\t\t<\/section>\n\t\t\t\t<section class=\"elementor-section elementor-inner-section elementor-element elementor-element-4180a162 elementor-section-boxed elementor-section-height-default elementor-section-height-default\" data-id=\"4180a162\" data-element_type=\"section\">\n\t\t\t\t\t\t<div class=\"elementor-container elementor-column-gap-default\">\n\t\t\t\t\t<div class=\"elementor-column elementor-col-50 elementor-inner-column elementor-element elementor-element-2a9050c3\" data-id=\"2a9050c3\" data-element_type=\"column\">\n\t\t\t<div class=\"elementor-widget-wrap elementor-element-populated\">\n\t\t\t\t\t\t\t\t<div class=\"elementor-element elementor-element-a942a9f elementor-widget elementor-widget-heading\" data-id=\"a942a9f\" data-element_type=\"widget\" data-widget_type=\"heading.default\">\n\t\t\t\t<div class=\"elementor-widget-container\">\n\t\t\t<h2 class=\"elementor-heading-title elementor-size-default\">SSS<\/h2>\t\t<\/div>\n\t\t\t\t<\/div>\n\t\t\t\t<div class=\"elementor-element elementor-element-5fc1376 elementor-widget elementor-widget-st_faq\" data-id=\"5fc1376\" data-element_type=\"widget\" data-widget_type=\"st_faq.default\">\n\t\t\t\t<div class=\"elementor-widget-container\">\n\t\t\t<div class=\"accordion faq style1\" id=\"accordion_how-will-i-receive-my-payment\">\r\n    <div class=\"accordion-item\">\r\n        <h2 class=\"accordion-header\" id=\"heading_how-will-i-receive-my-payment\">\r\n            <button class=\"accordion-button\" \r\n                type=\"button\" \r\n                data-bs-toggle=\"collapse\" \r\n                data-bs-target=\"#how-will-i-receive-my-payment\" \r\n                aria-expanded=\"true\" \r\n                aria-controls=\"how-will-i-receive-my-payment\"\r\n            >\r\n                \u00d6dememi nas\u0131l alaca\u011f\u0131m?            <\/button>\r\n        <\/h2>\r\n        <div id=\"how-will-i-receive-my-payment\" class=\"accordion-collapse collapse show\" \r\n            aria-labelledby=\"heading_how-will-i-receive-my-payment\" \r\n            data-bs-parent=\"#accordion_how-will-i-receive-my-payment\"\r\n        >\r\n            <div class=\"accordion-body\">\r\n                Gazera Travel \u00f6deme y\u00f6ntemi a\u00e7\u0131s\u0131ndan olduk\u00e7a zengin bir kurulu\u015ftur. Dilerseniz rezervasyonunuzu yaparken web sitemizden veya ara\u00e7 i\u00e7erisinde \u015fof\u00f6re \u00f6deme yapabilirsiniz.            <\/div>\r\n        <\/div>\r\n    <\/div>\r\n<\/div>\r\n\t\t<\/div>\n\t\t\t\t<\/div>\n\t\t\t\t<div class=\"elementor-element elementor-element-b0d3cea elementor-widget elementor-widget-st_faq\" data-id=\"b0d3cea\" data-element_type=\"widget\" data-widget_type=\"st_faq.default\">\n\t\t\t\t<div class=\"elementor-widget-container\">\n\t\t\t<div class=\"accordion faq style1\" id=\"accordion_how-can-i-get-support\">\r\n    <div class=\"accordion-item\">\r\n        <h2 class=\"accordion-header\" id=\"heading_how-can-i-get-support\">\r\n            <button class=\"accordion-button   collapsed\" \r\n                type=\"button\" \r\n                data-bs-toggle=\"collapse\" \r\n                data-bs-target=\"#how-can-i-get-support\" \r\n                aria-expanded=\"false\" \r\n                aria-controls=\"how-can-i-get-support\"\r\n            >\r\n                Nas\u0131l destek alabilirim            <\/button>\r\n        <\/h2>\r\n        <div id=\"how-can-i-get-support\" class=\"accordion-collapse collapse\" \r\n            aria-labelledby=\"heading_how-can-i-get-support\" \r\n            data-bs-parent=\"#accordion_how-can-i-get-support\"\r\n        >\r\n            <div class=\"accordion-body\">\r\n                Rezervasyonunuz ve di\u011fer t\u00fcm i\u015flemleriniz ile ilgili olarak bize WhatsApp, telefon numaram\u0131z veya sosyal medya adreslerimiz \u00fczerinden ula\u015fabilirsiniz.            <\/div>\r\n        <\/div>\r\n    <\/div>\r\n<\/div>\r\n\t\t<\/div>\n\t\t\t\t<\/div>\n\t\t\t\t<div class=\"elementor-element elementor-element-2e7200a5 elementor-widget elementor-widget-st_faq\" data-id=\"2e7200a5\" data-element_type=\"widget\" data-widget_type=\"st_faq.default\">\n\t\t\t\t<div class=\"elementor-widget-container\">\n\t\t\t<div class=\"accordion faq style1\" id=\"accordion_what-destinations-does-gazera-travel-specialize-in\">\r\n    <div class=\"accordion-item\">\r\n        <h2 class=\"accordion-header\" id=\"heading_what-destinations-does-gazera-travel-specialize-in\">\r\n            <button class=\"accordion-button   collapsed\" \r\n                type=\"button\" \r\n                data-bs-toggle=\"collapse\" \r\n                data-bs-target=\"#what-destinations-does-gazera-travel-specialize-in\" \r\n                aria-expanded=\"false\" \r\n                aria-controls=\"what-destinations-does-gazera-travel-specialize-in\"\r\n            >\r\n                Gazera Travel hangi destinasyonlarda uzmanla\u015fm\u0131\u015ft\u0131r?            <\/button>\r\n        <\/h2>\r\n        <div id=\"what-destinations-does-gazera-travel-specialize-in\" class=\"accordion-collapse collapse\" \r\n            aria-labelledby=\"heading_what-destinations-does-gazera-travel-specialize-in\" \r\n            data-bs-parent=\"#accordion_what-destinations-does-gazera-travel-specialize-in\"\r\n        >\r\n            <div class=\"accordion-body\">\r\n                Gazera Travel, b\u00fcy\u00fcleyici Karadeniz b\u00f6lgesi, tarihi yerleri ve do\u011fa harikalar\u0131 da dahil olmak \u00fczere, \u00f6zellikle T\u00fcrkiye&#039;nin b\u00fcy\u00fcleyici b\u00f6lgelerine odaklanan geni\u015f bir destinasyon yelpazesi sunmaktad\u0131r. Ayr\u0131nt\u0131l\u0131 destinasyon teklifleri i\u00e7in seyahat programlar\u0131m\u0131za g\u00f6z at\u0131n.            <\/div>\r\n        <\/div>\r\n    <\/div>\r\n<\/div>\r\n\t\t<\/div>\n\t\t\t\t<\/div>\n\t\t\t\t\t<\/div>\n\t\t<\/div>\n\t\t\t\t<div class=\"elementor-column elementor-col-50 elementor-inner-column elementor-element elementor-element-7ffd12c4\" data-id=\"7ffd12c4\" data-element_type=\"column\">\n\t\t\t<div class=\"elementor-widget-wrap elementor-element-populated\">\n\t\t\t\t\t\t\t\t<div class=\"elementor-element elementor-element-64a26e45 elementor-widget elementor-widget-st_faq\" data-id=\"64a26e45\" data-element_type=\"widget\" data-widget_type=\"st_faq.default\">\n\t\t\t\t<div class=\"elementor-widget-container\">\n\t\t\t<div class=\"accordion faq style1\" id=\"accordion_how-can-i-book-a-trip-with-gazera-travel\">\r\n    <div class=\"accordion-item\">\r\n        <h2 class=\"accordion-header\" id=\"heading_how-can-i-book-a-trip-with-gazera-travel\">\r\n            <button class=\"accordion-button   collapsed\" \r\n                type=\"button\" \r\n                data-bs-toggle=\"collapse\" \r\n                data-bs-target=\"#how-can-i-book-a-trip-with-gazera-travel\" \r\n                aria-expanded=\"false\" \r\n                aria-controls=\"how-can-i-book-a-trip-with-gazera-travel\"\r\n            >\r\n                Gazera Travel ile nas\u0131l gezi rezervasyonu yapabilirim?            <\/button>\r\n        <\/h2>\r\n        <div id=\"how-can-i-book-a-trip-with-gazera-travel\" class=\"accordion-collapse collapse\" \r\n            aria-labelledby=\"heading_how-can-i-book-a-trip-with-gazera-travel\" \r\n            data-bs-parent=\"#accordion_how-can-i-book-a-trip-with-gazera-travel\"\r\n        >\r\n            <div class=\"accordion-body\">\r\n                Web sitemizi ziyaret edin, \u00f6zel olarak haz\u0131rlanm\u0131\u015f paketlerimizi ke\u015ffedin ve ileti\u015fim formumuz veya telefon arac\u0131l\u0131\u011f\u0131yla \u00f6zel seyahat dan\u0131\u015fmanlar\u0131m\u0131zla ileti\u015fime ge\u00e7in. Sorunsuz rezervasyon s\u00fcreci boyunca size rehberlik edeceklerdir.\n            <\/div>\r\n        <\/div>\r\n    <\/div>\r\n<\/div>\r\n\t\t<\/div>\n\t\t\t\t<\/div>\n\t\t\t\t<div class=\"elementor-element elementor-element-18b32d8f elementor-widget elementor-widget-st_faq\" data-id=\"18b32d8f\" data-element_type=\"widget\" data-widget_type=\"st_faq.default\">\n\t\t\t\t<div class=\"elementor-widget-container\">\n\t\t\t<div class=\"accordion faq style1\" id=\"accordion_is-customization-of-trips-possible\">\r\n    <div class=\"accordion-item\">\r\n        <h2 class=\"accordion-header\" id=\"heading_is-customization-of-trips-possible\">\r\n            <button class=\"accordion-button   collapsed\" \r\n                type=\"button\" \r\n                data-bs-toggle=\"collapse\" \r\n                data-bs-target=\"#is-customization-of-trips-possible\" \r\n                aria-expanded=\"false\" \r\n                aria-controls=\"is-customization-of-trips-possible\"\r\n            >\r\n                Gezilerin \u00f6zelle\u015ftirilmesi m\u00fcmk\u00fcn m\u00fc?            <\/button>\r\n        <\/h2>\r\n        <div id=\"is-customization-of-trips-possible\" class=\"accordion-collapse collapse\" \r\n            aria-labelledby=\"heading_is-customization-of-trips-possible\" \r\n            data-bs-parent=\"#accordion_is-customization-of-trips-possible\"\r\n        >\r\n            <div class=\"accordion-body\">\r\n                Kesinlikle! Gazera Travel olarak ki\u015fiye \u00f6zel deneyimler yaratmaktan gurur duyuyoruz. Tercihlerinizi ve ihtiya\u00e7lar\u0131n\u0131z\u0131 ekibimizle payla\u015f\u0131n, biz de size \u00f6zel bir yolculuk ayarlayal\u0131m.\n            <\/div>\r\n        <\/div>\r\n    <\/div>\r\n<\/div>\r\n\t\t<\/div>\n\t\t\t\t<\/div>\n\t\t\t\t<div class=\"elementor-element elementor-element-55d35d18 elementor-widget elementor-widget-st_faq\" data-id=\"55d35d18\" data-element_type=\"widget\" data-widget_type=\"st_faq.default\">\n\t\t\t\t<div class=\"elementor-widget-container\">\n\t\t\t<div class=\"accordion faq style1\" id=\"accordion_what-is-gazera-travel-s-cancellation-policy\">\r\n    <div class=\"accordion-item\">\r\n        <h2 class=\"accordion-header\" id=\"heading_what-is-gazera-travel-s-cancellation-policy\">\r\n            <button class=\"accordion-button   collapsed\" \r\n                type=\"button\" \r\n                data-bs-toggle=\"collapse\" \r\n                data-bs-target=\"#what-is-gazera-travel-s-cancellation-policy\" \r\n                aria-expanded=\"false\" \r\n                aria-controls=\"what-is-gazera-travel-s-cancellation-policy\"\r\n            >\r\n                Gazera Travel&#039;\u0131n iptal politikas\u0131 nedir?            <\/button>\r\n        <\/h2>\r\n        <div id=\"what-is-gazera-travel-s-cancellation-policy\" class=\"accordion-collapse collapse\" \r\n            aria-labelledby=\"heading_what-is-gazera-travel-s-cancellation-policy\" \r\n            data-bs-parent=\"#accordion_what-is-gazera-travel-s-cancellation-policy\"\r\n        >\r\n            <div class=\"accordion-body\">\r\n                \u0130ptal politikam\u0131z pakete ve iptal zaman\u0131na g\u00f6re de\u011fi\u015fiklik g\u00f6stermektedir. Ayr\u0131nt\u0131l\u0131 bilgi i\u00e7in l\u00fctfen \u015fartlar ve ko\u015fullar sayfam\u0131za bak\u0131n veya seyahat dan\u0131\u015fmanlar\u0131m\u0131za dan\u0131\u015f\u0131n.\n            <\/div>\r\n        <\/div>\r\n    <\/div>\r\n<\/div>\r\n\t\t<\/div>\n\t\t\t\t<\/div>\n\t\t\t\t<div class=\"elementor-element elementor-element-58661cc0 elementor-widget elementor-widget-st_faq\" data-id=\"58661cc0\" data-element_type=\"widget\" data-widget_type=\"st_faq.default\">\n\t\t\t\t<div class=\"elementor-widget-container\">\n\t\t\t<div class=\"accordion faq style1\" id=\"accordion_do-you-offer-group-discounts\">\r\n    <div class=\"accordion-item\">\r\n        <h2 class=\"accordion-header\" id=\"heading_do-you-offer-group-discounts\">\r\n            <button class=\"accordion-button   collapsed\" \r\n                type=\"button\" \r\n                data-bs-toggle=\"collapse\" \r\n                data-bs-target=\"#do-you-offer-group-discounts\" \r\n                aria-expanded=\"false\" \r\n                aria-controls=\"do-you-offer-group-discounts\"\r\n            >\r\n                Grup indirimleri sunuyor musunuz?            <\/button>\r\n        <\/h2>\r\n        <div id=\"do-you-offer-group-discounts\" class=\"accordion-collapse collapse\" \r\n            aria-labelledby=\"heading_do-you-offer-group-discounts\" \r\n            data-bs-parent=\"#accordion_do-you-offer-group-discounts\"\r\n        >\r\n            <div class=\"accordion-body\">\r\n                Evet, kalabal\u0131k gruplara \u00f6zel fiyatlar sunuyoruz. \u0130ndirim grubun b\u00fcy\u00fckl\u00fc\u011f\u00fcne ve niteli\u011fine g\u00f6re de\u011fi\u015fir. \u00d6zel ayr\u0131nt\u0131lar i\u00e7in ekibimize ula\u015f\u0131n.\n            <\/div>\r\n        <\/div>\r\n    <\/div>\r\n<\/div>\r\n\t\t<\/div>\n\t\t\t\t<\/div>\n\t\t\t\t<div class=\"elementor-element elementor-element-b2e548b elementor-widget elementor-widget-st_faq\" data-id=\"b2e548b\" data-element_type=\"widget\" data-widget_type=\"st_faq.default\">\n\t\t\t\t<div class=\"elementor-widget-container\">\n\t\t\t<div class=\"accordion faq style1\" id=\"accordion_are-your-tours-sustainable-and-eco-friendly\">\r\n    <div class=\"accordion-item\">\r\n        <h2 class=\"accordion-header\" id=\"heading_are-your-tours-sustainable-and-eco-friendly\">\r\n            <button class=\"accordion-button   collapsed\" \r\n                type=\"button\" \r\n                data-bs-toggle=\"collapse\" \r\n                data-bs-target=\"#are-your-tours-sustainable-and-eco-friendly\" \r\n                aria-expanded=\"false\" \r\n                aria-controls=\"are-your-tours-sustainable-and-eco-friendly\"\r\n            >\r\n                Turlar\u0131n\u0131z s\u00fcrd\u00fcr\u00fclebilir ve \u00e7evre dostu mu?            <\/button>\r\n        <\/h2>\r\n        <div id=\"are-your-tours-sustainable-and-eco-friendly\" class=\"accordion-collapse collapse\" \r\n            aria-labelledby=\"heading_are-your-tours-sustainable-and-eco-friendly\" \r\n            data-bs-parent=\"#accordion_are-your-tours-sustainable-and-eco-friendly\"\r\n        >\r\n            <div class=\"accordion-body\">\r\n                S\u00fcrd\u00fcr\u00fclebilirlik Gazera Travel&#039;\u0131n kalbinde yer al\u0131yor. \u00c7evreye duyarl\u0131 seyahat deneyimleri sunmaya, sorumlu turizm uygulamalar\u0131n\u0131 te\u015fvik etmeye ve yerel topluluklar\u0131 desteklemeye \u00e7al\u0131\u015f\u0131yoruz.\n            <\/div>\r\n        <\/div>\r\n    <\/div>\r\n<\/div>\r\n\t\t<\/div>\n\t\t\t\t<\/div>\n\t\t\t\t\t<\/div>\n\t\t<\/div>\n\t\t\t\t\t\t\t<\/div>\n\t\t<\/section>\n\t\t\t\t\t\t\t<\/div>","protected":false},"excerpt":{"rendered":"<p>About Gazera Travel At Gazera Travel, we believe that travel goes beyond just destinations; it&#8217;s about the transformative experiences and memories created along the way. Founded with a passion for unveiling the world&#8217;s most mesmerizing locales, we have grown to become a beacon for discerning travelers seeking authentic, curated, and immersive adventures. Our mission In [&hellip;]<\/p>","protected":false},"author":1,"featured_media":14496,"parent":0,"menu_order":0,"comment_status":"closed","ping_status":"closed","template":"","meta":{"footnotes":""},"class_list":["post-807","page","type-page","status-publish","has-post-thumbnail","hentry"],"_links":{"self":[{"href":"https:\/\/www.gazeratravel.com\/tr\/wp-json\/wp\/v2\/pages\/807","targetHints":{"allow":["GET"]}}],"collection":[{"href":"https:\/\/www.gazeratravel.com\/tr\/wp-json\/wp\/v2\/pages"}],"about":[{"href":"https:\/\/www.gazeratravel.com\/tr\/wp-json\/wp\/v2\/types\/page"}],"author":[{"embeddable":true,"href":"https:\/\/www.gazeratravel.com\/tr\/wp-json\/wp\/v2\/users\/1"}],"replies":[{"embeddable":true,"href":"https:\/\/www.gazeratravel.com\/tr\/wp-json\/wp\/v2\/comments?post=807"}],"version-history":[{"count":28,"href":"https:\/\/www.gazeratravel.com\/tr\/wp-json\/wp\/v2\/pages\/807\/revisions"}],"predecessor-version":[{"id":14499,"href":"https:\/\/www.gazeratravel.com\/tr\/wp-json\/wp\/v2\/pages\/807\/revisions\/14499"}],"wp:featuredmedia":[{"embeddable":true,"href":"https:\/\/www.gazeratravel.com\/tr\/wp-json\/wp\/v2\/media\/14496"}],"wp:attachment":[{"href":"https:\/\/www.gazeratravel.com\/tr\/wp-json\/wp\/v2\/media?parent=807"}],"curies":[{"name":"wp","href":"https:\/\/api.w.org\/{rel}","templated":true}]}}